{"id":3501,"date":"2016-03-08T11:06:55","date_gmt":"2016-03-08T11:06:55","guid":{"rendered":"http:\/\/wicher-digital-technik.de\/?page_id=3501"},"modified":"2016-08-25T07:15:40","modified_gmt":"2016-08-25T07:15:40","slug":"impressum","status":"publish","type":"page","link":"https:\/\/wicher-digital-technik.de\/?page_id=3501","title":{"rendered":"Impressum"},"content":{"rendered":"\n<style type=\"text\/css\" data-created_by=\"avia_inline_auto\" id=\"style-css-av-av_one_third-9497bbf8bff73ea4c6992cc17fa9ec36\">\n.flex_column.av-av_one_third-9497bbf8bff73ea4c6992cc17fa9ec36{\n-webkit-border-radius:0px 0px 0px 0px;\n-moz-border-radius:0px 0px 0px 0px;\nborder-radius:0px 0px 0px 0px;\npadding:0px 0px 0px 0px;\n}\n<\/style>\n<div class='flex_column av-av_one_third-9497bbf8bff73ea4c6992cc17fa9ec36 av_one_third  avia-builder-el-0  el_before_av_two_third  avia-builder-el-first  first flex_column_div av-zero-column-padding '     ><style type=\"text\/css\" data-created_by=\"avia_inline_auto\" id=\"style-css-av-av_image-fe094c2c557afda99bc11118ad14ba8d\">\n.avia-image-container.av-av_image-fe094c2c557afda99bc11118ad14ba8d img.avia_image{\nbox-shadow:none;\n}\n.avia-image-container.av-av_image-fe094c2c557afda99bc11118ad14ba8d .av-image-caption-overlay-center{\ncolor:#ffffff;\n}\n<\/style>\n<div  class='avia-image-container av-av_image-fe094c2c557afda99bc11118ad14ba8d av-styling- avia-align-center  avia-builder-el-1  avia-builder-el-no-sibling '   itemprop=\"image\" itemscope=\"itemscope\" itemtype=\"https:\/\/schema.org\/ImageObject\" ><div class=\"avia-image-container-inner\"><div class=\"avia-image-overlay-wrap\"><img decoding=\"async\" class='wp-image-3941 avia-img-lazy-loading-not-3941 avia_image ' src=\"https:\/\/wicher-digital-technik.de\/wp-content\/uploads\/2016\/03\/wdt_logo-300x100.jpg\" alt='' title='wdt_logo'  height=\"100\" width=\"300\"  itemprop=\"thumbnailUrl\"  \/><\/div><\/div><\/div><\/div>\n\n<style type=\"text\/css\" data-created_by=\"avia_inline_auto\" id=\"style-css-av-av_two_third-9c1d454dc06f7247226bc4e8f931daae\">\n.flex_column.av-av_two_third-9c1d454dc06f7247226bc4e8f931daae{\n-webkit-border-radius:0px 0px 0px 0px;\n-moz-border-radius:0px 0px 0px 0px;\nborder-radius:0px 0px 0px 0px;\npadding:0px 0px 0px 0px;\n}\n<\/style>\n<div class='flex_column av-av_two_third-9c1d454dc06f7247226bc4e8f931daae av_two_third  avia-builder-el-2  el_after_av_one_third  el_before_av_textblock  flex_column_div av-zero-column-padding '     ><section  class='av_textblock_section av-av_textblock-0366cc7376be6c9e82a3e9cc8987b64f'  itemscope=\"itemscope\" itemtype=\"https:\/\/schema.org\/CreativeWork\" ><div class='avia_textblock'  itemprop=\"text\" ><div class=\"xp-ctype-right\">\n<h3>Impressum<\/h3>\n<p>Helmut Wicher e.K.<br \/>\nAm H\u00fcttberg 38<br \/>\nD-63639 Fl\u00f6rsbachtal<\/p>\n<p>Telefon: +49 (0) 60 57 9 11 51<br \/>\nTelefax: +49 (0) 60 57 9 11 52<br \/>\nE-Mail: info@wicher-digital-technik.de<br \/>\nInternet: www.wicher-digital-technik.de<br \/>\nInternet: www.TimeTouch.de<\/p>\n<p>Gesch\u00e4ftsinhaber: Helmut Wicher<br \/>\nGerichtsstand: Gelnhausen<br \/>\nRegistergericht: Hanau<br \/>\nRegisternummer: HRA-92097<br \/>\nUmsatzsteuer-Identifikationnummer gem\u00e4\u00df<br \/>\n\u00a727a Umsatzsteuergesetz: DE-811771623<br \/>\nSteuernummer: 19 881 30019<\/p>\n<\/div>\n<div><img loading=\"lazy\" decoding=\"async\" src=\"http:\/\/www.wicher-digital-technik.de\/clear.gif\" alt=\"\" width=\"1\" height=\"1\" border=\"0\" \/><\/div>\n<\/div><\/section><\/div>\n<section  class='av_textblock_section av-av_textblock-0366cc7376be6c9e82a3e9cc8987b64f'  itemscope=\"itemscope\" itemtype=\"https:\/\/schema.org\/CreativeWork\" ><div class='avia_textblock'  itemprop=\"text\" ><div class=\"xp-frame-space-around\">\n<p>TimeTouch ist beim deutschen Patent- und Markenamt ein eingetragener Markenname.<br \/>\nInhaber ist Helmut Wicher<\/p>\n<p><strong>Verantwortlich f\u00fcr den Inhalt:<\/strong><br \/>\nHelmut Wicher \u00a9 2016 by Helmut Wicher e.K.. Alle Rechte vorbehalten. Vervielf\u00e4ltigung und Ver\u00f6ffentlichung, auch auszugsweise (insbes. Bildmaterial), nur mit schriftlicher Genehmigung der WICHER DIGITAL TECHNIK Helmut Wicher e.K.<\/p>\n<p><strong>Hinweise zur Nutzung:<\/strong><br \/>\nF\u00fcr Vollst\u00e4ndigkeit, Fehler redaktioneller und technischer Art, Auslassungen usw. sowie die Richtigkeit der Eintragungen kann keine Haftung \u00fcbernommen werden.<br \/>\nInsbesondere kann keine Gew\u00e4hr f\u00fcr die Vollst\u00e4ndigkeit und Richtigkeit von Informationen \u00fcbernommen werden, die \u00fcber weiterf\u00fchrende Links erreicht werden. Anbieter sind f\u00fcr die eigenen Inhalte, die sie zur Nutzung bereithalten, nach den allgemeinen Gesetzen verantwortlich. Von diesen eigenen Inhalten sind Querverweise auf die von anderen Anbietern bereitgehaltenen Inhalte zu unterscheiden.<br \/>\nF\u00fcr s\u00e4mtliche Links auf diesen Seiten gilt: Wir betonen, dass wir keinen Einfluss auf die Gestaltung und die Inhalte der durch Link von unserer Homepage aus erreichbaren Seiten anderer Anbieter haben und uns deren Inhalt nicht zu eigen machen. Diese Erkl\u00e4rung gilt f\u00fcr alle Seiten dieser Homepage und die dort angebrachten Links.<\/p>\n<p>Die Internet-Redaktion der WICHER DIGITAL TECHNIK Helmut Wicher e.K. beh\u00e4lt sich das Recht vor, ohne vorherige Ank\u00fcndigung die bereitgestellten Informationen zu \u00e4ndern, zu erg\u00e4nzen oder zu entfernen.<\/p>\n<p class=\"bodytext\">Gestaltung:<\/p>\n<p class=\"bodytext\">Benedikt Dehmer<br \/>\nbenedikt.dehmer@infotec-dehmer.de<\/p>\n<\/div>\n<\/div><\/section>\n","protected":false},"excerpt":{"rendered":"","protected":false},"author":1,"featured_media":0,"parent":0,"menu_order":0,"comment_status":"closed","ping_status":"closed","template":"","meta":{"footnotes":""},"_links":{"self":[{"href":"https:\/\/wicher-digital-technik.de\/index.php?rest_route=\/wp\/v2\/pages\/3501"}],"collection":[{"href":"https:\/\/wicher-digital-technik.de\/index.php?rest_route=\/wp\/v2\/pages"}],"about":[{"href":"https:\/\/wicher-digital-technik.de\/index.php?rest_route=\/wp\/v2\/types\/page"}],"author":[{"embeddable":true,"href":"https:\/\/wicher-digital-technik.de\/index.php?rest_route=\/wp\/v2\/users\/1"}],"replies":[{"embeddable":true,"href":"https:\/\/wicher-digital-technik.de\/index.php?rest_route=%2Fwp%2Fv2%2Fcomments&post=3501"}],"version-history":[{"count":8,"href":"https:\/\/wicher-digital-technik.de\/index.php?rest_route=\/wp\/v2\/pages\/3501\/revisions"}],"predecessor-version":[{"id":3975,"href":"https:\/\/wicher-digital-technik.de\/index.php?rest_route=\/wp\/v2\/pages\/3501\/revisions\/3975"}],"wp:attachment":[{"href":"https:\/\/wicher-digital-technik.de\/index.php?rest_route=%2Fwp%2Fv2%2Fmedia&parent=3501"}],"curies":[{"name":"wp","href":"https:\/\/api.w.org\/{rel}","templated":true}]}}