{"id":142,"date":"2015-10-22T15:32:34","date_gmt":"2015-10-22T15:32:34","guid":{"rendered":"http:\/\/test.kriesi.at\/construction\/?page_id=142"},"modified":"2020-02-20T08:57:49","modified_gmt":"2020-02-20T08:57:49","slug":"interior-design","status":"publish","type":"page","link":"https:\/\/wicher-digital-technik.de\/?page_id=142","title":{"rendered":"ST-1 | PT-1 Terminals"},"content":{"rendered":"\n<style type=\"text\/css\" data-created_by=\"avia_inline_auto\" id=\"style-css-av-av_one_full-92ff25b687564606f9a40db418f3e7b5\">\n#top .flex_column.av-av_one_full-92ff25b687564606f9a40db418f3e7b5{\nmargin-top:0px;\nmargin-bottom:-50px;\n}\n.flex_column.av-av_one_full-92ff25b687564606f9a40db418f3e7b5{\n-webkit-border-radius:0px 0px 0px 0px;\n-moz-border-radius:0px 0px 0px 0px;\nborder-radius:0px 0px 0px 0px;\npadding:0px 0px 0px 0px;\n}\n.responsive #top #wrap_all .flex_column.av-av_one_full-92ff25b687564606f9a40db418f3e7b5{\nmargin-top:0px;\nmargin-bottom:-50px;\n}\n<\/style>\n<div class='flex_column av-av_one_full-92ff25b687564606f9a40db418f3e7b5 av_one_full  avia-builder-el-0  el_before_av_one_half  avia-builder-el-first  first flex_column_div av-animated-generic bottom-to-top av-zero-column-padding '     ><style type=\"text\/css\" data-created_by=\"avia_inline_auto\" id=\"style-css-av-av_heading-4af0352560583b10c6cec5a158d537bf\">\n#top .av-special-heading.av-av_heading-4af0352560583b10c6cec5a158d537bf{\npadding-bottom:0;\n}\nbody .av-special-heading.av-av_heading-4af0352560583b10c6cec5a158d537bf .av-special-heading-tag .heading-char{\nfont-size:25px;\n}\n.av-special-heading.av-av_heading-4af0352560583b10c6cec5a158d537bf .av-subheading{\nfont-size:15px;\n}\n<\/style>\n<div  class='av-special-heading av-av_heading-4af0352560583b10c6cec5a158d537bf av-special-heading-h2 blockquote modern-quote  avia-builder-el-1  avia-builder-el-no-sibling '><h2 class='av-special-heading-tag'  itemprop=\"headline\"  >ST1 und PT1 Slaveterminals<\/h2><div class=\"special-heading-border\"><div class=\"special-heading-inner-border\"><\/div><\/div><\/div><\/div>\n\n<style type=\"text\/css\" data-created_by=\"avia_inline_auto\" id=\"style-css-av-av_one_half-d71a51a707c4656b37c9afbbd6138215\">\n.flex_column.av-av_one_half-d71a51a707c4656b37c9afbbd6138215{\n-webkit-border-radius:0px 0px 0px 0px;\n-moz-border-radius:0px 0px 0px 0px;\nborder-radius:0px 0px 0px 0px;\npadding:0px 0px 0px 0px;\n}\n<\/style>\n<div class='flex_column av-av_one_half-d71a51a707c4656b37c9afbbd6138215 av_one_half  avia-builder-el-2  el_after_av_one_full  el_before_av_one_half  first flex_column_div av-animated-generic bottom-to-top av-zero-column-padding column-top-margin'     ><div  class='avia-slideshow av-av_slideshow-264a0b6b8dd1690b87719c14249016b6 avia-slideshow-portfolio av_slideshow avia-slide-slider  avia-builder-el-3  avia-builder-el-no-sibling  av-slideshow-ui av-slideshow-autoplay av-loop-endless av-loop-manual-endless av-default-height-applied avia-slideshow-1' data-slideshow-options=\"{&quot;animation&quot;:&quot;slide&quot;,&quot;autoplay&quot;:true,&quot;loop_autoplay&quot;:&quot;endless&quot;,&quot;interval&quot;:5,&quot;loop_manual&quot;:&quot;manual-endless&quot;,&quot;autoplay_stopper&quot;:false,&quot;noNavigation&quot;:false,&quot;bg_slider&quot;:false,&quot;keep_padding&quot;:false,&quot;hoverpause&quot;:false,&quot;show_slide_delay&quot;:0}\"  itemprop=\"image\" itemscope=\"itemscope\" itemtype=\"https:\/\/schema.org\/ImageObject\" ><ul class='avia-slideshow-inner ' style='padding-bottom: 80.808080808081%;'><li  class='avia-slideshow-slide av-av_slideshow-264a0b6b8dd1690b87719c14249016b6__0  slide-1 slide-odd'><div data-rel='slideshow-1' class='avia-slide-wrap '   ><img decoding=\"async\" class=\"wp-image-3728 avia-img-lazy-loading-not-3728\"  src=\"https:\/\/wicher-digital-technik.de\/wp-content\/uploads\/2015\/10\/TT-ST1-Webversion-495x400.png\" width=\"495\" height=\"400\" title='TT-ST1-Webversion' alt=''  itemprop=\"thumbnailUrl\" srcset=\"https:\/\/wicher-digital-technik.de\/wp-content\/uploads\/2015\/10\/TT-ST1-Webversion-495x400.png 495w, https:\/\/wicher-digital-technik.de\/wp-content\/uploads\/2015\/10\/TT-ST1-Webversion-845x684.png 845w\" sizes=\"(max-width: 495px) 100vw, 495px\" \/><\/div><\/li><li  class='avia-slideshow-slide av-av_slideshow-264a0b6b8dd1690b87719c14249016b6__1  slide-2 slide-even'><div data-rel='slideshow-1' class='avia-slide-wrap '   ><img decoding=\"async\" class=\"wp-image-3729 avia-img-lazy-loading-not-3729\"  src=\"https:\/\/wicher-digital-technik.de\/wp-content\/uploads\/2015\/10\/TT-PT1-Webversion-495x400.png\" width=\"495\" height=\"400\" title='TT-PT1-Webversion' alt=''  itemprop=\"thumbnailUrl\" srcset=\"https:\/\/wicher-digital-technik.de\/wp-content\/uploads\/2015\/10\/TT-PT1-Webversion-495x400.png 495w, https:\/\/wicher-digital-technik.de\/wp-content\/uploads\/2015\/10\/TT-PT1-Webversion-845x684.png 845w\" sizes=\"(max-width: 495px) 100vw, 495px\" \/><\/div><\/li><\/ul><div class='avia-slideshow-arrows avia-slideshow-controls' ><a href='#prev' class='prev-slide ' aria-hidden='true' data-av_icon='\ue87c' data-av_iconfont='entypo-fontello'  tabindex='-1'>Zur\u00fcck<\/a><a href='#next' class='next-slide ' aria-hidden='true' data-av_icon='\ue87d' data-av_iconfont='entypo-fontello'  tabindex='-1'>Weiter<\/a><\/div><div class='avia-slideshow-dots avia-slideshow-controls'><a href='#1' class='goto-slide active' >1<\/a><a href='#2' class='goto-slide ' >2<\/a><\/div><\/div><\/div>\n\n<style type=\"text\/css\" data-created_by=\"avia_inline_auto\" id=\"style-css-av-av_one_half-93bea18e2ccb60552a17080633244dec\">\n.flex_column.av-av_one_half-93bea18e2ccb60552a17080633244dec{\n-webkit-border-radius:0px 0px 0px 0px;\n-moz-border-radius:0px 0px 0px 0px;\nborder-radius:0px 0px 0px 0px;\npadding:0px 0px 0px 0px;\n}\n<\/style>\n<div class='flex_column av-av_one_half-93bea18e2ccb60552a17080633244dec av_one_half  avia-builder-el-4  el_after_av_one_half  el_before_av_one_full  flex_column_div av-animated-generic bottom-to-top av-zero-column-padding column-top-margin'     ><p>\n<style type=\"text\/css\" data-created_by=\"avia_inline_auto\" id=\"style-css-av-av_heading-b8e7e491a105737e056e7bf1b78a4978\">\n#top .av-special-heading.av-av_heading-b8e7e491a105737e056e7bf1b78a4978{\npadding-bottom:10px;\n}\nbody .av-special-heading.av-av_heading-b8e7e491a105737e056e7bf1b78a4978 .av-special-heading-tag .heading-char{\nfont-size:25px;\n}\n.av-special-heading.av-av_heading-b8e7e491a105737e056e7bf1b78a4978 .av-subheading{\nfont-size:15px;\n}\n<\/style>\n<div  class='av-special-heading av-av_heading-b8e7e491a105737e056e7bf1b78a4978 av-special-heading-h3 blockquote modern-quote  avia-builder-el-5  el_before_av_textblock  avia-builder-el-first '><h3 class='av-special-heading-tag'  itemprop=\"headline\"  >Slaveterminal<\/h3><div class=\"special-heading-border\"><div class=\"special-heading-inner-border\"><\/div><\/div><\/div><br \/>\n<section  class='av_textblock_section av-av_textblock-0366cc7376be6c9e82a3e9cc8987b64f'  itemscope=\"itemscope\" itemtype=\"https:\/\/schema.org\/CreativeWork\" ><div class='avia_textblock'  itemprop=\"text\" ><ul>\n<li><strong>Anwendung mit MTX-Terminal oder Steuereinheit<\/strong><\/li>\n<li><strong>Personalzeiterfassung<\/strong><\/li>\n<li><strong>Zutrittskontrolle<\/strong><\/li>\n<\/ul>\n<\/div><\/section><\/p><\/div>\n\n<style type=\"text\/css\" data-created_by=\"avia_inline_auto\" id=\"style-css-av-av_one_full-d71a51a707c4656b37c9afbbd6138215\">\n.flex_column.av-av_one_full-d71a51a707c4656b37c9afbbd6138215{\n-webkit-border-radius:0px 0px 0px 0px;\n-moz-border-radius:0px 0px 0px 0px;\nborder-radius:0px 0px 0px 0px;\npadding:0px 0px 0px 0px;\n}\n<\/style>\n<div class='flex_column av-av_one_full-d71a51a707c4656b37c9afbbd6138215 av_one_full  avia-builder-el-7  el_after_av_one_half  el_before_av_one_full  first flex_column_div av-animated-generic bottom-to-top av-zero-column-padding column-top-margin'     ><div  class='tabcontainer av-av_tab_container-0bacd910096d11a3cec6dfb538798966 top_tab  avia-builder-el-8  avia-builder-el-no-sibling ' role='tablist'>\n<section class='av_tab_section av_tab_section av-av_tab-ca6ef8af33f0dfbc008965d9c222f957'  itemscope=\"itemscope\" itemtype=\"https:\/\/schema.org\/CreativeWork\" ><div class='tab active_tab' role='tab' tabindex='0' data-fake-id='#tab-id-1' aria-controls='tab-id-1-content'  itemprop=\"headline\" >Beschreibung<\/div><div id='tab-id-1-content' class='tab_content active_tab_content' aria-hidden=\"false\"><div class='tab_inner_content invers-color'  itemprop=\"text\" ><p>Unsere Slaveterminals ST1 und PT1 arbeiten im Verbund mit&nbsp; unseren&nbsp; Masterterminals\/Steuereinheit um Zutrittskontrolle und Personalzeiterfassung an zus\u00e4tzlichen Standpunkten zu erm\u00f6glichen.<br \/>\nDas PT1-Slaveterminal erh\u00f6ht&nbsp; die Sicherheit des Zutritts durch eine zus\u00e4tzliche Pin-Eingabe. Alternativ kann der Zutritt auch nur \u00fcber den Pin erfolgen.<br \/>\nDas ST1-Slaveterminal erm\u00f6glicht die Personalzeiterfassung an einem zus\u00e4tzlichen Standort und bietet das gleiche Nutzerinterface wie unsere Masterterminals.<\/p>\n<\/div><\/div><\/section>\n<section class='av_tab_section av_tab_section av-av_tab-862948f202bd5b024c217ea81a23a876'  itemscope=\"itemscope\" itemtype=\"https:\/\/schema.org\/CreativeWork\" ><div class='tab' role='tab' tabindex='0' data-fake-id='#tab-id-2' aria-controls='tab-id-2-content'  itemprop=\"headline\" >Technische Details<\/div><div id='tab-id-2-content' class='tab_content' aria-hidden=\"true\"><div class='tab_inner_content invers-color'  itemprop=\"text\" ><div class='avia-data-table-wrap av-av_table-79567314f19fdf27597651e950bcbb3a avia_responsive_table avia-table-1'><table  class='avia-table avia-data-table avia_pricing_default  avia-builder-el-9  avia-builder-el-no-sibling '  itemscope=\"itemscope\" itemtype=\"https:\/\/schema.org\/Table\" ><tbody><tr class='avia-heading-row'><th class=''>Geh\u00e4use<\/th><th class=''><\/th><\/tr><tr class=''><td class=''>Geh\u00e4useabmessung<\/td><td class=''>82x142x13mm<\/td><\/tr><tr class=''><td class=''>Geh\u00e4usematerial und Farbe<\/td><td class=''>Aluminium, Silber eloxiert<\/td><\/tr><tr class='avia-heading-row'><th class=''>Stromversorgung<\/th><th class=''><\/th><\/tr><tr class=''><td class=''>Standard<\/td><td class=''>Per TT-Bus<\/td><\/tr><tr class=''><td class=''>Alternativ<\/td><td class=''>12V 1A AC\/DC Adapter<\/td><\/tr><tr class='avia-heading-row'><th class=''>Anschlussm\u00f6glichkeiten<\/th><th class=''><\/th><\/tr><tr class=''><td class=''>TT-Bus(RS485) Klemme 4-polig<\/td><td class=''>Anschluss an Steuereinheit \/ Masterterminal<\/td><\/tr><tr class=''><td class=''>Potentialfreier Relais-Anschluss Klemme 2-polig<\/td><td class=''>Ansteuerung eines externen Ger\u00e4tes( Bsp. elektrischer T\u00fcroffner)<\/td><\/tr><tr class='avia-heading-row'><th class=''>Benutzerinterface<\/th><th class=''><\/th><\/tr><tr class=''><td class=''>LED-Display Monochrom<\/td><td class=''>16&#215;2 Zeichen \/ Format 52,0&#215;15,0mm<\/td><\/tr><tr class=''><td class=''>Kapazitive Tastatur<\/td><td class=''>max. 12 aktuell 8 Tasten aktiviert<\/td><\/tr><tr class=''><td class=''>Kontaktloses Lesesystem (RFID-Leser)<\/td><td class=''>125KHz<\/td><\/tr><tr class='avia-heading-row'><th class=''>Allgemein<\/th><th class=''><\/th><\/tr><tr class=''><td class=''>Betriebstemperatur<\/td><td class=''>-20\u00b0 bis +50\u00b0<\/td><\/tr><\/tbody><\/table><\/div><style type='text\/css'>.avia-table-1 td:nth-of-type(1):before { content: 'Geh\u00e4use'; } .avia-table-1 td:nth-of-type(2):before { content: ''; } <\/style>\n<\/div><\/div><\/section>\n<section class='av_tab_section av_tab_section av-av_tab-65ca503374b1402609d16ba6a7d780b1'  itemscope=\"itemscope\" itemtype=\"https:\/\/schema.org\/CreativeWork\" ><div class='tab' role='tab' tabindex='0' data-fake-id='#tab-id-3' aria-controls='tab-id-3-content'  itemprop=\"headline\" >Dokumentation und Downloads<\/div><div id='tab-id-3-content' class='tab_content' aria-hidden=\"true\"><div class='tab_inner_content invers-color'  itemprop=\"text\" ><p>Zurzeit stehen keine Downloads zur Verf\u00fcgung.<\/p>\n<\/div><\/div><\/section>\n<\/div><\/div>\n<style type=\"text\/css\" data-created_by=\"avia_inline_auto\" id=\"style-css-av-av_one_full-9497bbf8bff73ea4c6992cc17fa9ec36\">\n.flex_column.av-av_one_full-9497bbf8bff73ea4c6992cc17fa9ec36{\n-webkit-border-radius:0px 0px 0px 0px;\n-moz-border-radius:0px 0px 0px 0px;\nborder-radius:0px 0px 0px 0px;\npadding:0px 0px 0px 0px;\n}\n<\/style>\n<div class='flex_column av-av_one_full-9497bbf8bff73ea4c6992cc17fa9ec36 av_one_full  avia-builder-el-10  el_after_av_one_full  el_before_av_one_half  first flex_column_div av-zero-column-padding column-top-margin'     ><\/div><\/p>\n\n<style type=\"text\/css\" data-created_by=\"avia_inline_auto\" id=\"style-css-av-av_one_half-9497bbf8bff73ea4c6992cc17fa9ec36\">\n.flex_column.av-av_one_half-9497bbf8bff73ea4c6992cc17fa9ec36{\n-webkit-border-radius:0px 0px 0px 0px;\n-moz-border-radius:0px 0px 0px 0px;\nborder-radius:0px 0px 0px 0px;\npadding:0px 0px 0px 0px;\n}\n<\/style>\n<div class='flex_column av-av_one_half-9497bbf8bff73ea4c6992cc17fa9ec36 av_one_half  avia-builder-el-12  el_after_av_one_full  el_before_av_one_half  first flex_column_div av-zero-column-padding column-top-margin'     ><p>\n<style type=\"text\/css\" data-created_by=\"avia_inline_auto\" id=\"style-css-av-av_heading-e5e0f4b21205c1688da265fcc48dccdf\">\n#top .av-special-heading.av-av_heading-e5e0f4b21205c1688da265fcc48dccdf{\npadding-bottom:10px;\n}\nbody .av-special-heading.av-av_heading-e5e0f4b21205c1688da265fcc48dccdf .av-special-heading-tag .heading-char{\nfont-size:25px;\n}\n.av-special-heading.av-av_heading-e5e0f4b21205c1688da265fcc48dccdf .av-subheading{\nfont-size:15px;\n}\n<\/style>\n<div  class='av-special-heading av-av_heading-e5e0f4b21205c1688da265fcc48dccdf av-special-heading-h3  avia-builder-el-13  el_before_av_textblock  avia-builder-el-first '><h3 class='av-special-heading-tag'  itemprop=\"headline\"  >Erh\u00f6hte Sicherheit durch Pineingabe<\/h3><div class=\"special-heading-border\"><div class=\"special-heading-inner-border\"><\/div><\/div><\/div><br \/>\n<section  class='av_textblock_section av-av_textblock-0366cc7376be6c9e82a3e9cc8987b64f'  itemscope=\"itemscope\" itemtype=\"https:\/\/schema.org\/CreativeWork\" ><div class='avia_textblock'  itemprop=\"text\" ><p>Durch die zus\u00e4tzliche Pineingabe erh\u00f6ht das Pt1 die Sicherheit des Zutritts. So k\u00f6nnen sensible Bereiche ihre Unternehmens optimal gesch\u00fctzt werden. Verlorene RFID-Ausweise k\u00f6nnen so nicht zum unerlaubten Zutritt f\u00fchren. Alternativ kann der Zutritt nur \u00fcber Pin erfolgen.<\/p>\n<\/div><\/section><\/p><\/div>\n\n<style type=\"text\/css\" data-created_by=\"avia_inline_auto\" id=\"style-css-av-av_one_half-9c1d454dc06f7247226bc4e8f931daae\">\n.flex_column.av-av_one_half-9c1d454dc06f7247226bc4e8f931daae{\n-webkit-border-radius:0px 0px 0px 0px;\n-moz-border-radius:0px 0px 0px 0px;\nborder-radius:0px 0px 0px 0px;\npadding:0px 0px 0px 0px;\n}\n<\/style>\n<div class='flex_column av-av_one_half-9c1d454dc06f7247226bc4e8f931daae av_one_half  avia-builder-el-15  el_after_av_one_half  el_before_av_one_half  flex_column_div av-zero-column-padding column-top-margin'     ><p>\n<style type=\"text\/css\" data-created_by=\"avia_inline_auto\" id=\"style-css-av-av_heading-3293a73b21dd730f90a8316ae932ebe8\">\n#top .av-special-heading.av-av_heading-3293a73b21dd730f90a8316ae932ebe8{\npadding-bottom:10px;\n}\nbody .av-special-heading.av-av_heading-3293a73b21dd730f90a8316ae932ebe8 .av-special-heading-tag .heading-char{\nfont-size:25px;\n}\n.av-special-heading.av-av_heading-3293a73b21dd730f90a8316ae932ebe8 .av-subheading{\nfont-size:15px;\n}\n<\/style>\n<div  class='av-special-heading av-av_heading-3293a73b21dd730f90a8316ae932ebe8 av-special-heading-h3  avia-builder-el-16  el_before_av_textblock  avia-builder-el-first '><h3 class='av-special-heading-tag'  itemprop=\"headline\"  >Zus\u00e4tzliche Standpunkte zur Personalzeiterfassung<\/h3><div class=\"special-heading-border\"><div class=\"special-heading-inner-border\"><\/div><\/div><\/div><br \/>\n<section  class='av_textblock_section av-av_textblock-0366cc7376be6c9e82a3e9cc8987b64f'  itemscope=\"itemscope\" itemtype=\"https:\/\/schema.org\/CreativeWork\" ><div class='avia_textblock'  itemprop=\"text\" ><p>Der Verbund von einem Masterterminal\/Steuereinheit und unseren Slaveterminals erm\u00f6glicht die kosteng\u00fcnstige Abdeckung gro\u00dfer Betriebs- \/ Geb\u00e4udefl\u00e4chen.<\/p>\n<\/div><\/section><\/p><\/div>\n\n<style type=\"text\/css\" data-created_by=\"avia_inline_auto\" id=\"style-css-av-av_one_half-9497bbf8bff73ea4c6992cc17fa9ec36\">\n.flex_column.av-av_one_half-9497bbf8bff73ea4c6992cc17fa9ec36{\n-webkit-border-radius:0px 0px 0px 0px;\n-moz-border-radius:0px 0px 0px 0px;\nborder-radius:0px 0px 0px 0px;\npadding:0px 0px 0px 0px;\n}\n<\/style>\n<div class='flex_column av-av_one_half-9497bbf8bff73ea4c6992cc17fa9ec36 av_one_half  avia-builder-el-18  el_after_av_one_half  el_before_av_one_half  first flex_column_div av-zero-column-padding column-top-margin'     ><p>\n<style type=\"text\/css\" data-created_by=\"avia_inline_auto\" id=\"style-css-av-av_heading-ec5fd30406372c299dff230b8cfe465a\">\n#top .av-special-heading.av-av_heading-ec5fd30406372c299dff230b8cfe465a{\npadding-bottom:10px;\n}\nbody .av-special-heading.av-av_heading-ec5fd30406372c299dff230b8cfe465a .av-special-heading-tag .heading-char{\nfont-size:25px;\n}\n.av-special-heading.av-av_heading-ec5fd30406372c299dff230b8cfe465a .av-subheading{\nfont-size:15px;\n}\n<\/style>\n<div  class='av-special-heading av-av_heading-ec5fd30406372c299dff230b8cfe465a av-special-heading-h3  avia-builder-el-19  el_before_av_textblock  avia-builder-el-first '><h3 class='av-special-heading-tag'  itemprop=\"headline\"  >Anschluss per TT-Bus<\/h3><div class=\"special-heading-border\"><div class=\"special-heading-inner-border\"><\/div><\/div><\/div><br \/>\n<section  class='av_textblock_section av-av_textblock-0366cc7376be6c9e82a3e9cc8987b64f'  itemscope=\"itemscope\" itemtype=\"https:\/\/schema.org\/CreativeWork\" ><div class='avia_textblock'  itemprop=\"text\" ><p>Unsere Slavterminals ben\u00f6tigen keinen Netzwerkanschluss oder externe Stromversorgung. Die Datenanbindung und die Stromversorgung werden \u00fcber unseren TT-Bus bereitgestellt. Dies verringert den Verkabelungsaufwand.<\/p>\n<\/div><\/section><\/p><\/div>\n\n<style type=\"text\/css\" data-created_by=\"avia_inline_auto\" id=\"style-css-av-av_one_half-9c1d454dc06f7247226bc4e8f931daae\">\n.flex_column.av-av_one_half-9c1d454dc06f7247226bc4e8f931daae{\n-webkit-border-radius:0px 0px 0px 0px;\n-moz-border-radius:0px 0px 0px 0px;\nborder-radius:0px 0px 0px 0px;\npadding:0px 0px 0px 0px;\n}\n<\/style>\n<div class='flex_column av-av_one_half-9c1d454dc06f7247226bc4e8f931daae av_one_half  avia-builder-el-21  el_after_av_one_half  avia-builder-el-last  flex_column_div av-zero-column-padding column-top-margin'     ><p>\n<style type=\"text\/css\" data-created_by=\"avia_inline_auto\" id=\"style-css-av-av_heading-7c01c5ced83ec467d1228e45b313d6d7\">\n#top .av-special-heading.av-av_heading-7c01c5ced83ec467d1228e45b313d6d7{\npadding-bottom:10px;\n}\nbody .av-special-heading.av-av_heading-7c01c5ced83ec467d1228e45b313d6d7 .av-special-heading-tag .heading-char{\nfont-size:25px;\n}\n.av-special-heading.av-av_heading-7c01c5ced83ec467d1228e45b313d6d7 .av-subheading{\nfont-size:15px;\n}\n<\/style>\n<div  class='av-special-heading av-av_heading-7c01c5ced83ec467d1228e45b313d6d7 av-special-heading-h3  avia-builder-el-22  el_before_av_textblock  avia-builder-el-first '><h3 class='av-special-heading-tag'  itemprop=\"headline\"  >Kostenersparniss<\/h3><div class=\"special-heading-border\"><div class=\"special-heading-inner-border\"><\/div><\/div><\/div><br \/>\n<section  class='av_textblock_section av-av_textblock-0366cc7376be6c9e82a3e9cc8987b64f'  itemscope=\"itemscope\" itemtype=\"https:\/\/schema.org\/CreativeWork\" ><div class='avia_textblock'  itemprop=\"text\" ><p>Statt zus\u00e4tzliche Masterterminals zu installieren, k\u00f6nnen f\u00fcr viele L\u00f6sungen auch unsere Slaveterminals verwendet werden. Denn oft wird die integrierte Steuereinheit nur einmal ben\u00f6tigt und die zus\u00e4tzlichen Funktionen der Masterterminals&nbsp; nicht ben\u00f6tigt.<\/p>\n<\/div><\/section><\/p><\/div>\n","protected":false},"excerpt":{"rendered":"","protected":false},"author":1,"featured_media":0,"parent":0,"menu_order":2,"comment_status":"closed","ping_status":"closed","template":"","meta":{"footnotes":""},"_links":{"self":[{"href":"https:\/\/wicher-digital-technik.de\/index.php?rest_route=\/wp\/v2\/pages\/142"}],"collection":[{"href":"https:\/\/wicher-digital-technik.de\/index.php?rest_route=\/wp\/v2\/pages"}],"about":[{"href":"https:\/\/wicher-digital-technik.de\/index.php?rest_route=\/wp\/v2\/types\/page"}],"author":[{"embeddable":true,"href":"https:\/\/wicher-digital-technik.de\/index.php?rest_route=\/wp\/v2\/users\/1"}],"replies":[{"embeddable":true,"href":"https:\/\/wicher-digital-technik.de\/index.php?rest_route=%2Fwp%2Fv2%2Fcomments&post=142"}],"version-history":[{"count":19,"href":"https:\/\/wicher-digital-technik.de\/index.php?rest_route=\/wp\/v2\/pages\/142\/revisions"}],"predecessor-version":[{"id":4066,"href":"https:\/\/wicher-digital-technik.de\/index.php?rest_route=\/wp\/v2\/pages\/142\/revisions\/4066"}],"wp:attachment":[{"href":"https:\/\/wicher-digital-technik.de\/index.php?rest_route=%2Fwp%2Fv2%2Fmedia&parent=142"}],"curies":[{"name":"wp","href":"https:\/\/api.w.org\/{rel}","templated":true}]}}