{"id":113,"date":"2015-10-22T14:34:37","date_gmt":"2015-10-22T14:34:37","guid":{"rendered":"http:\/\/test.kriesi.at\/construction\/?page_id=113"},"modified":"2020-02-20T08:50:34","modified_gmt":"2020-02-20T08:50:34","slug":"architecture","status":"publish","type":"page","link":"https:\/\/wicher-digital-technik.de\/?page_id=113","title":{"rendered":"MTX-1 Terminal"},"content":{"rendered":"\n<style type=\"text\/css\" data-created_by=\"avia_inline_auto\" id=\"style-css-av-av_one_full-92ff25b687564606f9a40db418f3e7b5\">\n#top .flex_column.av-av_one_full-92ff25b687564606f9a40db418f3e7b5{\nmargin-top:0px;\nmargin-bottom:-50px;\n}\n.flex_column.av-av_one_full-92ff25b687564606f9a40db418f3e7b5{\n-webkit-border-radius:0px 0px 0px 0px;\n-moz-border-radius:0px 0px 0px 0px;\nborder-radius:0px 0px 0px 0px;\npadding:0px 0px 0px 0px;\n}\n.responsive #top #wrap_all .flex_column.av-av_one_full-92ff25b687564606f9a40db418f3e7b5{\nmargin-top:0px;\nmargin-bottom:-50px;\n}\n<\/style>\n<div class='flex_column av-av_one_full-92ff25b687564606f9a40db418f3e7b5 av_one_full  avia-builder-el-0  el_before_av_one_half  avia-builder-el-first  first flex_column_div av-animated-generic bottom-to-top av-zero-column-padding '     ><style type=\"text\/css\" data-created_by=\"avia_inline_auto\" id=\"style-css-av-av_heading-54f6ce70cf2d96399e7862c2ee4fe0a5\">\n#top .av-special-heading.av-av_heading-54f6ce70cf2d96399e7862c2ee4fe0a5{\npadding-bottom:0;\n}\nbody .av-special-heading.av-av_heading-54f6ce70cf2d96399e7862c2ee4fe0a5 .av-special-heading-tag .heading-char{\nfont-size:25px;\n}\n.av-special-heading.av-av_heading-54f6ce70cf2d96399e7862c2ee4fe0a5 .av-subheading{\nfont-size:15px;\n}\n<\/style>\n<div  class='av-special-heading av-av_heading-54f6ce70cf2d96399e7862c2ee4fe0a5 av-special-heading-h2 blockquote modern-quote  avia-builder-el-1  avia-builder-el-no-sibling '><h2 class='av-special-heading-tag'  itemprop=\"headline\"  >MTX1 Terminal<\/h2><div class=\"special-heading-border\"><div class=\"special-heading-inner-border\"><\/div><\/div><\/div><\/div>\n\n<style type=\"text\/css\" data-created_by=\"avia_inline_auto\" id=\"style-css-av-av_one_half-d71a51a707c4656b37c9afbbd6138215\">\n.flex_column.av-av_one_half-d71a51a707c4656b37c9afbbd6138215{\n-webkit-border-radius:0px 0px 0px 0px;\n-moz-border-radius:0px 0px 0px 0px;\nborder-radius:0px 0px 0px 0px;\npadding:0px 0px 0px 0px;\n}\n<\/style>\n<div class='flex_column av-av_one_half-d71a51a707c4656b37c9afbbd6138215 av_one_half  avia-builder-el-2  el_after_av_one_full  el_before_av_one_half  first flex_column_div av-animated-generic bottom-to-top av-zero-column-padding column-top-margin'     ><div  class='avia-slideshow av-av_slideshow-264a0b6b8dd1690b87719c14249016b6 avia-slideshow-portfolio av_slideshow avia-slide-slider  avia-builder-el-3  avia-builder-el-no-sibling  av-slideshow-ui av-slideshow-autoplay av-loop-endless av-loop-manual-endless av-default-height-applied avia-slideshow-1' data-slideshow-options=\"{&quot;animation&quot;:&quot;slide&quot;,&quot;autoplay&quot;:true,&quot;loop_autoplay&quot;:&quot;endless&quot;,&quot;interval&quot;:5,&quot;loop_manual&quot;:&quot;manual-endless&quot;,&quot;autoplay_stopper&quot;:false,&quot;noNavigation&quot;:false,&quot;bg_slider&quot;:false,&quot;keep_padding&quot;:false,&quot;hoverpause&quot;:false,&quot;show_slide_delay&quot;:0}\"  itemprop=\"image\" itemscope=\"itemscope\" itemtype=\"https:\/\/schema.org\/ImageObject\" ><ul class='avia-slideshow-inner ' style='padding-bottom: 80.808080808081%;'><li  class='avia-slideshow-slide av-av_slideshow-264a0b6b8dd1690b87719c14249016b6__0  slide-1 slide-odd'><div data-rel='slideshow-1' class='avia-slide-wrap '   ><img decoding=\"async\" class=\"wp-image-3673 avia-img-lazy-loading-not-3673\"  src=\"https:\/\/wicher-digital-technik.de\/wp-content\/uploads\/2015\/10\/TT-MTX1_Hardware-1-495x400.jpg\" width=\"495\" height=\"400\" title='TT-MTX1_Hardware' alt=''  itemprop=\"thumbnailUrl\"   \/><\/div><\/li><li  class='avia-slideshow-slide av-av_slideshow-264a0b6b8dd1690b87719c14249016b6__1  slide-2 slide-even'><div data-rel='slideshow-1' class='avia-slide-wrap '   ><img decoding=\"async\" class=\"wp-image-3679 avia-img-lazy-loading-not-3679\"  src=\"https:\/\/wicher-digital-technik.de\/wp-content\/uploads\/2015\/10\/MTX1-41-2-495x400.png\" width=\"495\" height=\"400\" title='MTX1-41' alt=''  itemprop=\"thumbnailUrl\" srcset=\"https:\/\/wicher-digital-technik.de\/wp-content\/uploads\/2015\/10\/MTX1-41-2-495x400.png 495w, https:\/\/wicher-digital-technik.de\/wp-content\/uploads\/2015\/10\/MTX1-41-2-845x684.png 845w\" sizes=\"(max-width: 495px) 100vw, 495px\" \/><\/div><\/li><\/ul><div class='avia-slideshow-arrows avia-slideshow-controls' ><a href='#prev' class='prev-slide ' aria-hidden='true' data-av_icon='\ue87c' data-av_iconfont='entypo-fontello'  tabindex='-1'>Zur\u00fcck<\/a><a href='#next' class='next-slide ' aria-hidden='true' data-av_icon='\ue87d' data-av_iconfont='entypo-fontello'  tabindex='-1'>Weiter<\/a><\/div><div class='avia-slideshow-dots avia-slideshow-controls'><a href='#1' class='goto-slide active' >1<\/a><a href='#2' class='goto-slide ' >2<\/a><\/div><\/div><\/div>\n\n<style type=\"text\/css\" data-created_by=\"avia_inline_auto\" id=\"style-css-av-av_one_half-93bea18e2ccb60552a17080633244dec\">\n.flex_column.av-av_one_half-93bea18e2ccb60552a17080633244dec{\n-webkit-border-radius:0px 0px 0px 0px;\n-moz-border-radius:0px 0px 0px 0px;\nborder-radius:0px 0px 0px 0px;\npadding:0px 0px 0px 0px;\n}\n<\/style>\n<div class='flex_column av-av_one_half-93bea18e2ccb60552a17080633244dec av_one_half  avia-builder-el-4  el_after_av_one_half  el_before_av_one_full  flex_column_div av-animated-generic bottom-to-top av-zero-column-padding column-top-margin'     ><p>\n<style type=\"text\/css\" data-created_by=\"avia_inline_auto\" id=\"style-css-av-av_heading-fe4caadb8028d5d1dc7c94f3544d18e5\">\n#top .av-special-heading.av-av_heading-fe4caadb8028d5d1dc7c94f3544d18e5{\npadding-bottom:10px;\n}\nbody .av-special-heading.av-av_heading-fe4caadb8028d5d1dc7c94f3544d18e5 .av-special-heading-tag .heading-char{\nfont-size:25px;\n}\n.av-special-heading.av-av_heading-fe4caadb8028d5d1dc7c94f3544d18e5 .av-subheading{\nfont-size:15px;\n}\n<\/style>\n<div  class='av-special-heading av-av_heading-fe4caadb8028d5d1dc7c94f3544d18e5 av-special-heading-h3 blockquote modern-quote  avia-builder-el-5  el_before_av_textblock  avia-builder-el-first '><h3 class='av-special-heading-tag'  itemprop=\"headline\"  >Multifunktions-Terminal<\/h3><div class=\"special-heading-border\"><div class=\"special-heading-inner-border\"><\/div><\/div><\/div><br \/>\n<section  class='av_textblock_section av-av_textblock-2de302bf1aa3cf4c9157dbe6f50ac7eb'  itemscope=\"itemscope\" itemtype=\"https:\/\/schema.org\/CreativeWork\" ><div class='avia_textblock'  itemprop=\"text\" ><ul>\n<li><strong>Personalzeiterfassung<\/strong><\/li>\n<li><strong>Zutrittskontrolle<\/strong><\/li>\n<li><strong>Betriebs- und Projektdatenerfassung<\/strong><\/li>\n<li><strong>Integrierte Steuereinheit <\/strong><\/li>\n<li><strong>Anwendung im Verbund mit bis zu 32 Slaveterminals<\/strong><\/li>\n<li><strong>optionaler Fingerprintsensor<\/strong><\/li>\n<\/ul>\n<\/div><\/section><\/p><\/div>\n\n<style type=\"text\/css\" data-created_by=\"avia_inline_auto\" id=\"style-css-av-av_one_full-9497bbf8bff73ea4c6992cc17fa9ec36\">\n.flex_column.av-av_one_full-9497bbf8bff73ea4c6992cc17fa9ec36{\n-webkit-border-radius:0px 0px 0px 0px;\n-moz-border-radius:0px 0px 0px 0px;\nborder-radius:0px 0px 0px 0px;\npadding:0px 0px 0px 0px;\n}\n<\/style>\n<div class='flex_column av-av_one_full-9497bbf8bff73ea4c6992cc17fa9ec36 av_one_full  avia-builder-el-7  el_after_av_one_half  el_before_av_one_full  first flex_column_div av-zero-column-padding column-top-margin'     ><div  class='tabcontainer av-av_tab_container-0bacd910096d11a3cec6dfb538798966 top_tab  avia-builder-el-8  avia-builder-el-no-sibling ' role='tablist'>\n<section class='av_tab_section av_tab_section av-av_tab-ca6ef8af33f0dfbc008965d9c222f957'  itemscope=\"itemscope\" itemtype=\"https:\/\/schema.org\/CreativeWork\" ><div class='tab active_tab' role='tab' tabindex='0' data-fake-id='#tab-id-1' aria-controls='tab-id-1-content'  itemprop=\"headline\" >Beschreibung<\/div><div id='tab-id-1-content' class='tab_content active_tab_content' aria-hidden=\"false\"><div class='tab_inner_content invers-color'  itemprop=\"text\" ><p>Das MTX1 bietet als Multifunktionsterminal alle Funktionen zur Personalzeiterfassung, Zutrittskontrolle und Betriebsdatenerfassung. Das OLED-Display in Kombination mit dem kapazitiven Touchscreen bieten eine intuitive Nutzeroberfl\u00e4che. Zum Buchen stehen Ihnen verschiedene Transpondersysteme zur Verf\u00fcgung. So k\u00f6nnen bereits vorhandene Transponder leicht mit dem MTX1 verwendet werden. Das Terminal bietet \u00fcber unseren TT-Bus die M\u00f6glichkeit bis zu 16 Slaveterminals zur Zutrittskontrolle und Personalzeiterfassung anzuschlie\u00dfen.<\/p>\n<\/div><\/div><\/section>\n<section class='av_tab_section av_tab_section av-av_tab-862948f202bd5b024c217ea81a23a876'  itemscope=\"itemscope\" itemtype=\"https:\/\/schema.org\/CreativeWork\" ><div class='tab' role='tab' tabindex='0' data-fake-id='#tab-id-2' aria-controls='tab-id-2-content'  itemprop=\"headline\" >Technische Details<\/div><div id='tab-id-2-content' class='tab_content' aria-hidden=\"true\"><div class='tab_inner_content invers-color'  itemprop=\"text\" ><div class='avia-data-table-wrap av-av_table-79567314f19fdf27597651e950bcbb3a avia_responsive_table avia-table-1'><table  class='avia-table avia-data-table avia_pricing_default  avia-builder-el-9  avia-builder-el-no-sibling '  itemscope=\"itemscope\" itemtype=\"https:\/\/schema.org\/Table\" ><tbody><tr class='avia-heading-row'><th class=''>Geh\u00e4use<\/th><th class=''><\/th><\/tr><tr class=''><td class=''>Geh\u00e4useabmessung<\/td><td class=''>168x147x15mm<\/td><\/tr><tr class=''><td class=''>Geh\u00e4usematerial und Farbe<\/td><td class=''>Aluminium, Silber eloxiert<\/td><\/tr><tr class='avia-heading-row'><th class=''>Stromversorgung<\/th><th class=''><\/th><\/tr><tr class=''><td class=''>Standard<\/td><td class=''>POE(Power over Ethernet)<\/td><\/tr><tr class=''><td class=''>Alternativ<\/td><td class=''>12V 1A AC\/DC Adapter<\/td><\/tr><tr class='avia-heading-row'><th class=''>Anschlussm\u00f6glichkeiten<\/th><th class=''><\/th><\/tr><tr class=''><td class=''>Ethernetkabel(RJ45) &#8211; UDP\/IP<\/td><td class=''>Anschluss zu Windows-Desktop oder Server<\/td><\/tr><tr class=''><td class=''>USB 2.0 A Buchse \/ USB HOST<\/td><td class=''>Anschluss eines Barcodelesers zur BDE oder eines USB-Sticks zum Datentransfer<\/td><\/tr><tr class=''><td class=''>TT-Bus(RS485) Klemme 4-polig<\/td><td class=''>Anschluss von bis zu 32 Slaveterminals<\/td><\/tr><tr class=''><td class=''>Potentialfreier Relais-Anschluss Klemme 2-polig<\/td><td class=''>Ansteuerung eines externen Ger\u00e4tes( Bsp. elektrischer T\u00fcroffner)<\/td><\/tr><tr class='avia-heading-row'><th class=''>Benutzerinterface<\/th><th class=''><\/th><\/tr><tr class=''><td class=''>OLED-Display Monochrom<\/td><td class=''>128&#215;64 Pixel \/ Format 55,0&#215;27,5mm<\/td><\/tr><tr class=''><td class=''>Kapazitive Tastatur<\/td><td class=''>max. 31 aktuell 10 Tasten aktiviert<\/td><\/tr><tr class=''><td class=''>Kontaktloses Lesesystem (RFID-Leser)<\/td><td class=''>125KHz<\/td><\/tr><tr class=''><td class=''>externer Barcodeleser(optional)<\/td><td class=''>Erfassung von Arbeitsschritten und verbrauchtem Material<\/td><\/tr><tr class=''><td class=''>Fingerprint-Modul(optional)<\/td><td class=''>Erh\u00f6hte Sicherheit bei der Erfassung von Buchungen<\/td><\/tr><tr class='avia-heading-row'><th class=''>Datenspeicher<\/th><th class=''><\/th><\/tr><tr class=''><td class=''>Speicher-Typ<\/td><td class=''>SDHC-Karte 4GB<\/td><\/tr><tr class=''><td class=''>Buchungsspeicher<\/td><td class=''>ca. 100.000 Buchungen<\/td><\/tr><tr class=''><td class=''>Stammsatzspeicher<\/td><td class=''>\u00fcber 5000 Personen<\/td><\/tr><tr class='avia-heading-row'><th class=''>Allgemein<\/th><th class=''><\/th><\/tr><tr class=''><td class=''>Betriebstemperatur<\/td><td class=''>-20\u00b0 bis +50\u00b0<\/td><\/tr><\/tbody><\/table><\/div><style type='text\/css'>.avia-table-1 td:nth-of-type(1):before { content: 'Geh\u00e4use'; } .avia-table-1 td:nth-of-type(2):before { content: ''; } <\/style>\n<\/div><\/div><\/section>\n<section class='av_tab_section av_tab_section av-av_tab-bc58346fdd093822af94499e62473e6f'  itemscope=\"itemscope\" itemtype=\"https:\/\/schema.org\/CreativeWork\" ><div class='tab' role='tab' tabindex='0' data-fake-id='#tab-id-3' aria-controls='tab-id-3-content'  itemprop=\"headline\" >Downloads<\/div><div id='tab-id-3-content' class='tab_content' aria-hidden=\"true\"><div class='tab_inner_content invers-color'  itemprop=\"text\" ><ul>\n<li><a data-e-Disable-Page-Transition=\"true\" class=\"download-link\" title=\"\" href=\"https:\/\/wicher-digital-technik.de?download=3943&#038;tmstv=1776268755\" rel=\"nofollow\">\n\tMTX - Datenblatt<\/a><\/li>\n<li><a data-e-Disable-Page-Transition=\"true\" class=\"download-link\" title=\"Version v1.2\" href=\"https:\/\/wicher-digital-technik.de?download=3996&#038;tmstv=1776268755\" rel=\"nofollow\">\n\tTimeTouch-MTX-Manual.pdf<\/a><\/li>\n<\/ul>\n<\/div><\/div><\/section>\n<\/div><\/div>\n\n<style type=\"text\/css\" data-created_by=\"avia_inline_auto\" id=\"style-css-av-av_one_full-d71a51a707c4656b37c9afbbd6138215\">\n.flex_column.av-av_one_full-d71a51a707c4656b37c9afbbd6138215{\n-webkit-border-radius:0px 0px 0px 0px;\n-moz-border-radius:0px 0px 0px 0px;\nborder-radius:0px 0px 0px 0px;\npadding:0px 0px 0px 0px;\n}\n<\/style>\n<div class='flex_column av-av_one_full-d71a51a707c4656b37c9afbbd6138215 av_one_full  avia-builder-el-10  el_after_av_one_full  el_before_av_one_half  first flex_column_div av-animated-generic bottom-to-top av-zero-column-padding column-top-margin'     ><\/div>\n\n<style type=\"text\/css\" data-created_by=\"avia_inline_auto\" id=\"style-css-av-av_one_half-9497bbf8bff73ea4c6992cc17fa9ec36\">\n.flex_column.av-av_one_half-9497bbf8bff73ea4c6992cc17fa9ec36{\n-webkit-border-radius:0px 0px 0px 0px;\n-moz-border-radius:0px 0px 0px 0px;\nborder-radius:0px 0px 0px 0px;\npadding:0px 0px 0px 0px;\n}\n<\/style>\n<div class='flex_column av-av_one_half-9497bbf8bff73ea4c6992cc17fa9ec36 av_one_half  avia-builder-el-12  el_after_av_one_full  el_before_av_one_half  first flex_column_div av-zero-column-padding column-top-margin'     ><p>\n<style type=\"text\/css\" data-created_by=\"avia_inline_auto\" id=\"style-css-av-av_heading-5f01d30f5f64ddbcaaf4941dd5b2fa67\">\n#top .av-special-heading.av-av_heading-5f01d30f5f64ddbcaaf4941dd5b2fa67{\npadding-bottom:10px;\n}\nbody .av-special-heading.av-av_heading-5f01d30f5f64ddbcaaf4941dd5b2fa67 .av-special-heading-tag .heading-char{\nfont-size:25px;\n}\n.av-special-heading.av-av_heading-5f01d30f5f64ddbcaaf4941dd5b2fa67 .av-subheading{\nfont-size:15px;\n}\n<\/style>\n<div  class='av-special-heading av-av_heading-5f01d30f5f64ddbcaaf4941dd5b2fa67 av-special-heading-h3  avia-builder-el-13  el_before_av_textblock  avia-builder-el-first '><h3 class='av-special-heading-tag'  itemprop=\"headline\"  >BDE-Funktionen<\/h3><div class=\"special-heading-border\"><div class=\"special-heading-inner-border\"><\/div><\/div><\/div><br \/>\n<section  class='av_textblock_section av-av_textblock-0366cc7376be6c9e82a3e9cc8987b64f'  itemscope=\"itemscope\" itemtype=\"https:\/\/schema.org\/CreativeWork\" ><div class='avia_textblock'  itemprop=\"text\" ><p>Das MTX1 bietet den vollen Funktionsumfang zur Betriebdsdatenerfassung. So wird die Verwendung eines USB-Scanners unterst\u00fctzt der die Erfassung von Arbeitsschritten und verwendeten Materialien beschleunigt.<\/p>\n<\/div><\/section><\/p><\/div>\n\n<style type=\"text\/css\" data-created_by=\"avia_inline_auto\" id=\"style-css-av-av_one_half-9c1d454dc06f7247226bc4e8f931daae\">\n.flex_column.av-av_one_half-9c1d454dc06f7247226bc4e8f931daae{\n-webkit-border-radius:0px 0px 0px 0px;\n-moz-border-radius:0px 0px 0px 0px;\nborder-radius:0px 0px 0px 0px;\npadding:0px 0px 0px 0px;\n}\n<\/style>\n<div class='flex_column av-av_one_half-9c1d454dc06f7247226bc4e8f931daae av_one_half  avia-builder-el-15  el_after_av_one_half  el_before_av_one_half  flex_column_div av-zero-column-padding column-top-margin'     ><p>\n<style type=\"text\/css\" data-created_by=\"avia_inline_auto\" id=\"style-css-av-av_heading-e438abd0f7f7ca65e4a6a77382168e3e\">\n#top .av-special-heading.av-av_heading-e438abd0f7f7ca65e4a6a77382168e3e{\npadding-bottom:10px;\n}\nbody .av-special-heading.av-av_heading-e438abd0f7f7ca65e4a6a77382168e3e .av-special-heading-tag .heading-char{\nfont-size:25px;\n}\n.av-special-heading.av-av_heading-e438abd0f7f7ca65e4a6a77382168e3e .av-subheading{\nfont-size:15px;\n}\n<\/style>\n<div  class='av-special-heading av-av_heading-e438abd0f7f7ca65e4a6a77382168e3e av-special-heading-h3  avia-builder-el-16  el_before_av_textblock  avia-builder-el-first '><h3 class='av-special-heading-tag'  itemprop=\"headline\"  >Optionales Fingerprint-Modul zur Erh\u00f6hung der Sicherheit<\/h3><div class=\"special-heading-border\"><div class=\"special-heading-inner-border\"><\/div><\/div><\/div><br \/>\n<section  class='av_textblock_section av-av_textblock-0366cc7376be6c9e82a3e9cc8987b64f'  itemscope=\"itemscope\" itemtype=\"https:\/\/schema.org\/CreativeWork\" ><div class='avia_textblock'  itemprop=\"text\" ><p>In ihrem Unternehmen m\u00fcssen bestimmte Bereiche besonders gesch\u00fctzt werden? Durch den zus\u00e4tzlichen Fingerprint l\u00e4sst sich der Zutritt zu diesen Bereichen perfekt sch\u00fctzen.<br \/>\nSo kann selbst ein verlorener Ausweis nicht zum Zutritt zu diesen Bereichen verwendet werden.<\/p>\n<\/div><\/section><\/p><\/div>\n<style type=\"text\/css\" data-created_by=\"avia_inline_auto\" id=\"style-css-av-av_one_half-9497bbf8bff73ea4c6992cc17fa9ec36\">\n.flex_column.av-av_one_half-9497bbf8bff73ea4c6992cc17fa9ec36{\n-webkit-border-radius:0px 0px 0px 0px;\n-moz-border-radius:0px 0px 0px 0px;\nborder-radius:0px 0px 0px 0px;\npadding:0px 0px 0px 0px;\n}\n<\/style>\n<div class='flex_column av-av_one_half-9497bbf8bff73ea4c6992cc17fa9ec36 av_one_half  avia-builder-el-18  el_after_av_one_half  el_before_av_one_half  first flex_column_div av-zero-column-padding column-top-margin'     ><p>\n<style type=\"text\/css\" data-created_by=\"avia_inline_auto\" id=\"style-css-av-av_heading-97d10d306d02f49e498e9a0f5d33f650\">\n#top .av-special-heading.av-av_heading-97d10d306d02f49e498e9a0f5d33f650{\npadding-bottom:10px;\n}\nbody .av-special-heading.av-av_heading-97d10d306d02f49e498e9a0f5d33f650 .av-special-heading-tag .heading-char{\nfont-size:25px;\n}\n.av-special-heading.av-av_heading-97d10d306d02f49e498e9a0f5d33f650 .av-subheading{\nfont-size:15px;\n}\n<\/style>\n<div  class='av-special-heading av-av_heading-97d10d306d02f49e498e9a0f5d33f650 av-special-heading-h3  avia-builder-el-19  el_before_av_textblock  avia-builder-el-first '><h3 class='av-special-heading-tag'  itemprop=\"headline\"  >Integrierte Steuereinheit<\/h3><div class=\"special-heading-border\"><div class=\"special-heading-inner-border\"><\/div><\/div><\/div><br \/>\n<section  class='av_textblock_section av-av_textblock-0366cc7376be6c9e82a3e9cc8987b64f'  itemscope=\"itemscope\" itemtype=\"https:\/\/schema.org\/CreativeWork\" ><div class='avia_textblock'  itemprop=\"text\" ><p>Durch die integrierte Steuereinheit des MTX1 besteht die M\u00f6glichkeit weitere sogenannte Slaveterminal anzuschlie\u00dfen. Diese werden \u00fcber unser Bussystem direkt mit dem MTX verbunden und es k\u00f6nnen 2 Terminals direkt \u00fcber das MTX mit Strom versorgt werden. Somit wird der Verkabelungsaufwand verringert da keine Stromversorgung und auch kein Netzwerkanschluss f\u00fcr die Slaveterminals gelegt werden muss. Die Kommunikation mit dem Server findet ausschlie\u00dflich \u00fcber das MTX statt. Die Slaveterminals eignen sich perfekt zur Personalzeiterfassung und zur Zutrittskontrolle.<\/p>\n<\/div><\/section><\/p><\/div><\/p>\n\n<style type=\"text\/css\" data-created_by=\"avia_inline_auto\" id=\"style-css-av-av_one_half-9c1d454dc06f7247226bc4e8f931daae\">\n.flex_column.av-av_one_half-9c1d454dc06f7247226bc4e8f931daae{\n-webkit-border-radius:0px 0px 0px 0px;\n-moz-border-radius:0px 0px 0px 0px;\nborder-radius:0px 0px 0px 0px;\npadding:0px 0px 0px 0px;\n}\n<\/style>\n<div class='flex_column av-av_one_half-9c1d454dc06f7247226bc4e8f931daae av_one_half  avia-builder-el-21  el_after_av_one_half  avia-builder-el-last  flex_column_div av-zero-column-padding column-top-margin'     ><p>\n<style type=\"text\/css\" data-created_by=\"avia_inline_auto\" id=\"style-css-av-av_heading-a1356e92813785d733d6388cbe22de9b\">\n#top .av-special-heading.av-av_heading-a1356e92813785d733d6388cbe22de9b{\npadding-bottom:10px;\n}\nbody .av-special-heading.av-av_heading-a1356e92813785d733d6388cbe22de9b .av-special-heading-tag .heading-char{\nfont-size:25px;\n}\n.av-special-heading.av-av_heading-a1356e92813785d733d6388cbe22de9b .av-subheading{\nfont-size:15px;\n}\n<\/style>\n<div  class='av-special-heading av-av_heading-a1356e92813785d733d6388cbe22de9b av-special-heading-h3  avia-builder-el-22  el_before_av_textblock  avia-builder-el-first '><h3 class='av-special-heading-tag'  itemprop=\"headline\"  >Speicherung von \u00fcber 100.000 Datens\u00e4tzen m\u00f6glich<\/h3><div class=\"special-heading-border\"><div class=\"special-heading-inner-border\"><\/div><\/div><\/div><br \/>\n<section  class='av_textblock_section av-av_textblock-2de302bf1aa3cf4c9157dbe6f50ac7eb'  itemscope=\"itemscope\" itemtype=\"https:\/\/schema.org\/CreativeWork\" ><div class='avia_textblock'  itemprop=\"text\" ><p>Das MTX kann \u00fcber 100.000 Buchungen auf seiner internen SD-Karte zwischenspeichern. So ist zum Beispiel der Einsatz auf einer Baustelle ohne verf\u00fcgbaren Netzwerkanschluss m\u00f6glich. Die Daten k\u00f6nnen einfach \u00fcber das Anschlie\u00dfen eines USB-Sticks vom Terminal geladen werden.<\/p>\n<\/div><\/section><\/p><\/div>\n","protected":false},"excerpt":{"rendered":"","protected":false},"author":1,"featured_media":83,"parent":0,"menu_order":0,"comment_status":"closed","ping_status":"closed","template":"","meta":{"footnotes":""},"_links":{"self":[{"href":"https:\/\/wicher-digital-technik.de\/index.php?rest_route=\/wp\/v2\/pages\/113"}],"collection":[{"href":"https:\/\/wicher-digital-technik.de\/index.php?rest_route=\/wp\/v2\/pages"}],"about":[{"href":"https:\/\/wicher-digital-technik.de\/index.php?rest_route=\/wp\/v2\/types\/page"}],"author":[{"embeddable":true,"href":"https:\/\/wicher-digital-technik.de\/index.php?rest_route=\/wp\/v2\/users\/1"}],"replies":[{"embeddable":true,"href":"https:\/\/wicher-digital-technik.de\/index.php?rest_route=%2Fwp%2Fv2%2Fcomments&post=113"}],"version-history":[{"count":62,"href":"https:\/\/wicher-digital-technik.de\/index.php?rest_route=\/wp\/v2\/pages\/113\/revisions"}],"predecessor-version":[{"id":4063,"href":"https:\/\/wicher-digital-technik.de\/index.php?rest_route=\/wp\/v2\/pages\/113\/revisions\/4063"}],"wp:featuredmedia":[{"embeddable":true,"href":"https:\/\/wicher-digital-technik.de\/index.php?rest_route=\/wp\/v2\/media\/83"}],"wp:attachment":[{"href":"https:\/\/wicher-digital-technik.de\/index.php?rest_route=%2Fwp%2Fv2%2Fmedia&parent=113"}],"curies":[{"name":"wp","href":"https:\/\/api.w.org\/{rel}","templated":true}]}}